{"id":333,"date":"2016-05-20T16:15:14","date_gmt":"2016-05-20T15:15:14","guid":{"rendered":"http:\/\/test.dalslandsgille.se\/wordpress\/?page_id=333"},"modified":"2016-05-20T16:15:14","modified_gmt":"2016-05-20T15:15:14","slug":"gillets-100-ars-jubileum","status":"publish","type":"page","link":"https:\/\/dalslandsgille.se\/?page_id=333","title":{"rendered":"Gillets 100-\u00e5rs jubileum"},"content":{"rendered":"\n<p class=\"wp-block-paragraph\">Gillets stora jubileumsfest \u00e4gde rum den 14 maj 2016 p\u00e5 restaurang Syster och Bror, Drottning Kristinas v\u00e4g 24, Stockholm. Cirka 120 personer deltog. 100-\u00e5rsgruppen\/kommitt\u00e9n hade gjort ett fantastiskt arbete och arrangemang.<\/p>\n\n\n\n<p class=\"wp-block-paragraph\">Utst\u00e4llning \u00f6ver Dalsland och Dalslands Gille presenterades och \u00e4ven en film fanns att besk\u00e5da. Inbjudna g\u00e4ster som deltog var bl.a.:<\/p>\n\n\n\n<ul class=\"wp-block-list\"><li>Kommunalr\u00e5det Mikael Karlsson med hustru, \u00c5m\u00e5l<\/li><li>Kommunchef Jeanette L\u00e4mmel med make, \u00c5m\u00e5l<\/li><li>Turistchef f\u00f6r Dalslands Turism AB, Johan Abenius med hustru<\/li><li>Representanter fr\u00e5n Dalslands Gille i G\u00f6teborg, Bohusl\u00e4ns Gille i Stockholm, J\u00e4mtland-H\u00e4rjedalens Gille i Uppsala.<\/li><\/ul>\n\n\n\n<p class=\"wp-block-paragraph\">Kv\u00e4llens toastmaster var Sune Tholin, \u00c5nimskog, f.d. chefredakt\u00f6r f\u00f6r bl.a. Provinstidningen Dalsland. G\u00e5vor \u00f6verl\u00e4mnades fr\u00e5n:<\/p>\n\n\n\n<ul class=\"wp-block-list\"><li>\u00c5m\u00e5ls kommun<\/li><li>Melleruds kommun<\/li><li>Stalands m\u00f6bler i Stockholm<\/li><li>Dalslands Turism<\/li><li>Dalslands Konfektyr<\/li><li>Moelven Skog<\/li><li>M\u00f6belh\u00f6rnan i Br\u00e5landa<\/li><li>Albans Trio i Mellerud<\/li><li>Dalslands Gille i G\u00f6teborg<\/li><li>Bohusl\u00e4ns Gille i Stockholm<\/li><li>J\u00e4mtland-H\u00e4rjedalens Gille i Uppsala<\/li><li>Stens Antik\/Sten Torstensson, Mellerud (tavla av Carl-Einar Tellwe)<\/li><li>Arne Jansson, V\u00e4nersborg (tv\u00e5 tavlor av Jerker Helander)<\/li><li>Carl Amundsson, Liding\u00f6 (tre tr\u00e4sniderier)<\/li><li>Hans Forslund, Norrt\u00e4lje (tr\u00e4pall)<\/li><li>Berit Olovson, J\u00e4rf\u00e4lla (sjal)<\/li><li>Christina Kajsten, J\u00e4rf\u00e4lla (tygv\u00e4skor)<\/li><\/ul>\n\n\n\n<p class=\"wp-block-paragraph\">Underh\u00e5llning av Albans Trio fr\u00e5n Mellerud, kapellm\u00e4stare G\u00f6te Wilhelmsson och entertainer Deri Rowlands. G\u00f6te Wilhelmsson trio och Deri Rowlands svarade f\u00f6r dansmusiken.<\/p>\n\n\n\n<p class=\"wp-block-paragraph\">Alla g\u00e4ster fick en kasse med diverse Dalslandssouvenirer som minne av denna of\u00f6rgl\u00f6mliga kv\u00e4ll. Hela kv\u00e4llen filmades och m\u00f6jlighet finns att k\u00f6pa en CD om jubileet (genom Mauritz Wallin).<\/p>\n\n\n\n<p class=\"wp-block-paragraph\"><\/p>\n","protected":false},"excerpt":{"rendered":"<p>Gillets stora jubileumsfest \u00e4gde rum den 14 maj 2016 p\u00e5 restaurang Syster och Bror, Drottning Kristinas v\u00e4g 24, Stockholm. Cirka 120 personer deltog. 100-\u00e5rsgruppen\/kommitt\u00e9n hade gjort ett fantastiskt arbete och &hellip; <\/p>\n<p class=\"link-more\"><a href=\"https:\/\/dalslandsgille.se\/?page_id=333\" class=\"more-link\">Forts\u00e4tt l\u00e4sa<span class=\"screen-reader-text\"> \u201dGillets 100-\u00e5rs jubileum\u201d<\/span><\/a><\/p>\n","protected":false},"author":1,"featured_media":0,"parent":10,"menu_order":0,"comment_status":"closed","ping_status":"closed","template":"","meta":{"_crdt_document":"","jetpack_post_was_ever_published":false,"_mc_calendar":[],"footnotes":""},"class_list":["post-333","page","type-page","status-publish","hentry"],"yoast_head":"<!-- This site is optimized with the Yoast SEO plugin v27.5 - https:\/\/yoast.com\/product\/yoast-seo-wordpress\/ -->\n<title>Gillets 100-\u00e5rs jubileum - Dalslands gille<\/title>\n<meta name=\"robots\" content=\"index, follow, max-snippet:-1, max-image-preview:large, max-video-preview:-1\" \/>\n<link rel=\"canonical\" href=\"https:\/\/dalslandsgille.se\/?page_id=333\" \/>\n<meta property=\"og:locale\" content=\"sv_SE\" \/>\n<meta property=\"og:type\" content=\"article\" \/>\n<meta property=\"og:title\" content=\"Gillets 100-\u00e5rs jubileum - Dalslands gille\" \/>\n<meta property=\"og:description\" content=\"Gillets stora jubileumsfest \u00e4gde rum den 14 maj 2016 p\u00e5 restaurang Syster och Bror, Drottning Kristinas v\u00e4g 24, Stockholm. Cirka 120 personer deltog. 100-\u00e5rsgruppen\/kommitt\u00e9n hade gjort ett fantastiskt arbete och &hellip; Forts\u00e4tt l\u00e4sa \u201dGillets 100-\u00e5rs jubileum\u201d\" \/>\n<meta property=\"og:url\" content=\"https:\/\/dalslandsgille.se\/?page_id=333\" \/>\n<meta property=\"og:site_name\" content=\"Dalslands gille\" \/>\n<meta property=\"article:publisher\" content=\"https:\/\/www.facebook.com\/dalslandsgille\" \/>\n<meta name=\"twitter:card\" content=\"summary_large_image\" \/>\n<meta name=\"twitter:label1\" content=\"Ber\u00e4knad l\u00e4stid\" \/>\n\t<meta name=\"twitter:data1\" content=\"1 minut\" \/>\n<script type=\"application\/ld+json\" class=\"yoast-schema-graph\">{\"@context\":\"https:\\\/\\\/schema.org\",\"@graph\":[{\"@type\":\"WebPage\",\"@id\":\"https:\\\/\\\/dalslandsgille.se\\\/?page_id=333\",\"url\":\"https:\\\/\\\/dalslandsgille.se\\\/?page_id=333\",\"name\":\"Gillets 100-\u00e5rs jubileum - Dalslands gille\",\"isPartOf\":{\"@id\":\"https:\\\/\\\/dalslandsgille.se\\\/#website\"},\"datePublished\":\"2016-05-20T15:15:14+00:00\",\"breadcrumb\":{\"@id\":\"https:\\\/\\\/dalslandsgille.se\\\/?page_id=333#breadcrumb\"},\"inLanguage\":\"sv-SE\",\"potentialAction\":[{\"@type\":\"ReadAction\",\"target\":[\"https:\\\/\\\/dalslandsgille.se\\\/?page_id=333\"]}]},{\"@type\":\"BreadcrumbList\",\"@id\":\"https:\\\/\\\/dalslandsgille.se\\\/?page_id=333#breadcrumb\",\"itemListElement\":[{\"@type\":\"ListItem\",\"position\":1,\"name\":\"Hem\",\"item\":\"https:\\\/\\\/dalslandsgille.se\\\/\"},{\"@type\":\"ListItem\",\"position\":2,\"name\":\"F\u00f6reningen\",\"item\":\"https:\\\/\\\/dalslandsgille.se\\\/?page_id=10\"},{\"@type\":\"ListItem\",\"position\":3,\"name\":\"Gillets 100-\u00e5rs jubileum\"}]},{\"@type\":\"WebSite\",\"@id\":\"https:\\\/\\\/dalslandsgille.se\\\/#website\",\"url\":\"https:\\\/\\\/dalslandsgille.se\\\/\",\"name\":\"Dalslands gille\",\"description\":\"Dalslands Gille i Stockholm v\u00e4nder sig till alla dalsl\u00e4nningar i Stockholm med omnejd samt till gamla som unga som \u00e4r intresserade av Dalsland\",\"publisher\":{\"@id\":\"https:\\\/\\\/dalslandsgille.se\\\/#organization\"},\"potentialAction\":[{\"@type\":\"SearchAction\",\"target\":{\"@type\":\"EntryPoint\",\"urlTemplate\":\"https:\\\/\\\/dalslandsgille.se\\\/?s={search_term_string}\"},\"query-input\":{\"@type\":\"PropertyValueSpecification\",\"valueRequired\":true,\"valueName\":\"search_term_string\"}}],\"inLanguage\":\"sv-SE\"},{\"@type\":\"Organization\",\"@id\":\"https:\\\/\\\/dalslandsgille.se\\\/#organization\",\"name\":\"Dalslands Gille\",\"url\":\"https:\\\/\\\/dalslandsgille.se\\\/\",\"logo\":{\"@type\":\"ImageObject\",\"inLanguage\":\"sv-SE\",\"@id\":\"https:\\\/\\\/dalslandsgille.se\\\/#\\\/schema\\\/logo\\\/image\\\/\",\"url\":\"https:\\\/\\\/i2.wp.com\\\/dalslandsgille.se\\\/wordpress\\\/wp-content\\\/uploads\\\/2018\\\/10\\\/DG_Logga-2018.jpg?fit=2728%2C952&ssl=1\",\"contentUrl\":\"https:\\\/\\\/i2.wp.com\\\/dalslandsgille.se\\\/wordpress\\\/wp-content\\\/uploads\\\/2018\\\/10\\\/DG_Logga-2018.jpg?fit=2728%2C952&ssl=1\",\"width\":2728,\"height\":952,\"caption\":\"Dalslands Gille\"},\"image\":{\"@id\":\"https:\\\/\\\/dalslandsgille.se\\\/#\\\/schema\\\/logo\\\/image\\\/\"},\"sameAs\":[\"https:\\\/\\\/www.facebook.com\\\/dalslandsgille\"]}]}<\/script>\n<!-- \/ Yoast SEO plugin. -->","yoast_head_json":{"title":"Gillets 100-\u00e5rs jubileum - Dalslands gille","robots":{"index":"index","follow":"follow","max-snippet":"max-snippet:-1","max-image-preview":"max-image-preview:large","max-video-preview":"max-video-preview:-1"},"canonical":"https:\/\/dalslandsgille.se\/?page_id=333","og_locale":"sv_SE","og_type":"article","og_title":"Gillets 100-\u00e5rs jubileum - Dalslands gille","og_description":"Gillets stora jubileumsfest \u00e4gde rum den 14 maj 2016 p\u00e5 restaurang Syster och Bror, Drottning Kristinas v\u00e4g 24, Stockholm. Cirka 120 personer deltog. 100-\u00e5rsgruppen\/kommitt\u00e9n hade gjort ett fantastiskt arbete och &hellip; Forts\u00e4tt l\u00e4sa \u201dGillets 100-\u00e5rs jubileum\u201d","og_url":"https:\/\/dalslandsgille.se\/?page_id=333","og_site_name":"Dalslands gille","article_publisher":"https:\/\/www.facebook.com\/dalslandsgille","twitter_card":"summary_large_image","twitter_misc":{"Ber\u00e4knad l\u00e4stid":"1 minut"},"schema":{"@context":"https:\/\/schema.org","@graph":[{"@type":"WebPage","@id":"https:\/\/dalslandsgille.se\/?page_id=333","url":"https:\/\/dalslandsgille.se\/?page_id=333","name":"Gillets 100-\u00e5rs jubileum - Dalslands gille","isPartOf":{"@id":"https:\/\/dalslandsgille.se\/#website"},"datePublished":"2016-05-20T15:15:14+00:00","breadcrumb":{"@id":"https:\/\/dalslandsgille.se\/?page_id=333#breadcrumb"},"inLanguage":"sv-SE","potentialAction":[{"@type":"ReadAction","target":["https:\/\/dalslandsgille.se\/?page_id=333"]}]},{"@type":"BreadcrumbList","@id":"https:\/\/dalslandsgille.se\/?page_id=333#breadcrumb","itemListElement":[{"@type":"ListItem","position":1,"name":"Hem","item":"https:\/\/dalslandsgille.se\/"},{"@type":"ListItem","position":2,"name":"F\u00f6reningen","item":"https:\/\/dalslandsgille.se\/?page_id=10"},{"@type":"ListItem","position":3,"name":"Gillets 100-\u00e5rs jubileum"}]},{"@type":"WebSite","@id":"https:\/\/dalslandsgille.se\/#website","url":"https:\/\/dalslandsgille.se\/","name":"Dalslands gille","description":"Dalslands Gille i Stockholm v\u00e4nder sig till alla dalsl\u00e4nningar i Stockholm med omnejd samt till gamla som unga som \u00e4r intresserade av Dalsland","publisher":{"@id":"https:\/\/dalslandsgille.se\/#organization"},"potentialAction":[{"@type":"SearchAction","target":{"@type":"EntryPoint","urlTemplate":"https:\/\/dalslandsgille.se\/?s={search_term_string}"},"query-input":{"@type":"PropertyValueSpecification","valueRequired":true,"valueName":"search_term_string"}}],"inLanguage":"sv-SE"},{"@type":"Organization","@id":"https:\/\/dalslandsgille.se\/#organization","name":"Dalslands Gille","url":"https:\/\/dalslandsgille.se\/","logo":{"@type":"ImageObject","inLanguage":"sv-SE","@id":"https:\/\/dalslandsgille.se\/#\/schema\/logo\/image\/","url":"https:\/\/i2.wp.com\/dalslandsgille.se\/wordpress\/wp-content\/uploads\/2018\/10\/DG_Logga-2018.jpg?fit=2728%2C952&ssl=1","contentUrl":"https:\/\/i2.wp.com\/dalslandsgille.se\/wordpress\/wp-content\/uploads\/2018\/10\/DG_Logga-2018.jpg?fit=2728%2C952&ssl=1","width":2728,"height":952,"caption":"Dalslands Gille"},"image":{"@id":"https:\/\/dalslandsgille.se\/#\/schema\/logo\/image\/"},"sameAs":["https:\/\/www.facebook.com\/dalslandsgille"]}]}},"jetpack_sharing_enabled":true,"jetpack_shortlink":"https:\/\/wp.me\/Paob32-5n","jetpack-related-posts":[{"id":204,"url":"https:\/\/dalslandsgille.se\/?page_id=204","url_meta":{"origin":333,"position":0},"title":"Visor","author":"admin","date":"2018-09-14","format":false,"excerpt":"Gillevisan Gillevisans text skrevs av Fritz-Gustaf och till\u00e4gnades Dalslands Gille i Stockholm. Fritz-Gustaf hette Sundel\u00f6f i efternamn och f\u00f6ddes i \u00c5m\u00e5l 1895. Han utbildade sig till bagare men blev komposit\u00f6r, textf\u00f6rfattare och schlagerforskare. Han fick sin f\u00f6rsta revy uppf\u00f6rd 1914. 1918 kom han till G\u00f6teborg och b\u00f6rjade arbeta f\u00f6r olika\u2026","rel":"","context":"Liknande inl\u00e4gg","block_context":{"text":"Liknande inl\u00e4gg","link":""},"img":{"alt_text":"","src":"https:\/\/i0.wp.com\/dalslandsgille.se\/wordpress\/wp-content\/uploads\/2018\/09\/Dalslandssangen.png?resize=350%2C200","width":350,"height":200},"classes":[]},{"id":76,"url":"https:\/\/dalslandsgille.se\/?page_id=76","url_meta":{"origin":333,"position":1},"title":"Bli medlem","author":"admin","date":"2018-09-13","format":false,"excerpt":"Medlemskap Dalslands Gille i Stockholm v\u00e4nder sig till alla dalsl\u00e4nningar i Stockholm med omnejd samt till gamla som unga som \u00e4r intresserade av Dalsland. Som medlem f\u00e5r du m\u00f6jlighet att tr\u00e4ffa andra dalsl\u00e4nningar under trevliga och inspirerande f\u00f6rh\u00e5llanden. Anm\u00e4lan om medlemskap kan ske genom inbetalning av medlemsavgiften till v\u00e5rt plusgiro\u2026","rel":"","context":"Liknande inl\u00e4gg","block_context":{"text":"Liknande inl\u00e4gg","link":""},"img":{"alt_text":"","src":"","width":0,"height":0},"classes":[]},{"id":31,"url":"https:\/\/dalslandsgille.se\/?page_id=31","url_meta":{"origin":333,"position":2},"title":"Litteratur","author":"admin","date":"2018-09-13","format":false,"excerpt":"Litteratur om Dal Dalslandshistorier: Till Dalslands gilles trettio\u00e5rsjubileum, Hjalmar Lars\u00e9n, 1946 Dalslands gille i Stockholm 90 \u00e5r 1916-2006. ISBN\u00a091-631-8191-6 Br\u00e5landaboken, del I och del II. En bok om Br\u00e5landa, Gestad och Sundals-Ryr, Bertil Johansson, 1984 Beskrifning \u00f6fver Grefskapet Dal, Anders Lignell, 1917 Sundals Ryr. En socken p\u00e5 Dal, Sundals Ryr\u2026","rel":"","context":"Liknande inl\u00e4gg","block_context":{"text":"Liknande inl\u00e4gg","link":""},"img":{"alt_text":"","src":"","width":0,"height":0},"classes":[]},{"id":37,"url":"https:\/\/dalslandsgille.se\/?page_id=37","url_meta":{"origin":333,"position":3},"title":"L\u00e4nkar","author":"admin","date":"2018-09-13","format":false,"excerpt":"L\u00e4nkar p\u00e5 Dal Provinstidningen Dalsland Elfsborgs L\u00e4ns Allehanda (ELA) Dalsl\u00e4nningen Wikipedia Dalslands kanal Dalslands Gille G\u00f6teborg Bohusl\u00e4ns Gille i Stockholm Radio 45 - Webbradio \u00a0","rel":"","context":"Liknande inl\u00e4gg","block_context":{"text":"Liknande inl\u00e4gg","link":""},"img":{"alt_text":"","src":"","width":0,"height":0},"classes":[]},{"id":146,"url":"https:\/\/dalslandsgille.se\/?page_id=146","url_meta":{"origin":333,"position":4},"title":"Min barndomsstad \u00c5m\u00e5l","author":"admin","date":"2018-09-13","format":false,"excerpt":"I \u00c5m\u00e5l finns det tv\u00e5 mycket framg\u00e5ngsrika idrottsf\u00f6reningar. IFK \u00c5m\u00e5l som bildades 1908 och IF Viken som bildades 1922. IFK har sin klubbg\u00e5rd Kamratg\u00e5rden strax intill \u00d6rn\u00e4sbadet och den gamla idrottsplatsen \u00d6rn\u00e4svallen. Viken har sitt Vikenborg uppe i R\u00f6sskogen i den norra delen av \u00c5m\u00e5l och \u00e4ven d\u00e4r finns det\u2026","rel":"","context":"Liknande inl\u00e4gg","block_context":{"text":"Liknande inl\u00e4gg","link":""},"img":{"alt_text":"","src":"https:\/\/i0.wp.com\/dalslandsgille.se\/wordpress\/wp-content\/uploads\/2018\/09\/IFKAmal-261x300.jpg?resize=350%2C200","width":350,"height":200},"classes":[]},{"id":2084,"url":"https:\/\/dalslandsgille.se\/?page_id=2084","url_meta":{"origin":333,"position":5},"title":"PROLOGER VID GILLETS FESTER","author":"admin","date":"2025-05-05","format":false,"excerpt":"V\u00c5RFESTEN 2024-04-20 En g\u00e5ng f\u00f6r l\u00e4nge sedan for en Dalbo med b\u00e5t och t\u00e5g och karavan till Kina.Han ramlade s\u00e5n\u00e4r ifr\u00e5n en smal bro,h\u00f6gt upp och utan n\u00e5gon r\u00e4ddningslina. Han t\u00e4nkte \u00f6ver vad som kunnat ske:\u201dDet h\u00e4r \u00e4r v\u00e4rre \u00e4n ett dopp i Stora Le,men det kan ingen asiat begripa,som\u2026","rel":"","context":"Liknande inl\u00e4gg","block_context":{"text":"Liknande inl\u00e4gg","link":""},"img":{"alt_text":"","src":"","width":0,"height":0},"classes":[]}],"jetpack_likes_enabled":false,"_links":{"self":[{"href":"https:\/\/dalslandsgille.se\/index.php?rest_route=\/wp\/v2\/pages\/333","targetHints":{"allow":["GET"]}}],"collection":[{"href":"https:\/\/dalslandsgille.se\/index.php?rest_route=\/wp\/v2\/pages"}],"about":[{"href":"https:\/\/dalslandsgille.se\/index.php?rest_route=\/wp\/v2\/types\/page"}],"author":[{"embeddable":true,"href":"https:\/\/dalslandsgille.se\/index.php?rest_route=\/wp\/v2\/users\/1"}],"replies":[{"embeddable":true,"href":"https:\/\/dalslandsgille.se\/index.php?rest_route=%2Fwp%2Fv2%2Fcomments&post=333"}],"version-history":[{"count":0,"href":"https:\/\/dalslandsgille.se\/index.php?rest_route=\/wp\/v2\/pages\/333\/revisions"}],"up":[{"embeddable":true,"href":"https:\/\/dalslandsgille.se\/index.php?rest_route=\/wp\/v2\/pages\/10"}],"wp:attachment":[{"href":"https:\/\/dalslandsgille.se\/index.php?rest_route=%2Fwp%2Fv2%2Fmedia&parent=333"}],"curies":[{"name":"wp","href":"https:\/\/api.w.org\/{rel}","templated":true}]}}